{"id":16,"date":"2020-08-08T17:14:08","date_gmt":"2020-08-08T15:14:08","guid":{"rendered":"http:\/\/latelierbleu-encadrement.fr\/?page_id=16"},"modified":"2022-10-25T21:24:11","modified_gmt":"2022-10-25T19:24:11","slug":"contact","status":"publish","type":"page","link":"https:\/\/latelierbleu-encadrement.fr\/?page_id=16","title":{"rendered":"Contact"},"content":{"rendered":"\n<div class=\"wp-block-cover is-light\"><span aria-hidden=\"true\" class=\"wp-block-cover__background has-background-dim\"><\/span><img loading=\"lazy\" decoding=\"async\" width=\"1280\" height=\"960\" class=\"wp-block-cover__image-background wp-image-43\" alt=\"\" src=\"https:\/\/latelierbleu-encadrement.fr\/wp-content\/uploads\/2019\/08\/desktop-1280.jpg\" data-object-fit=\"cover\" srcset=\"https:\/\/latelierbleu-encadrement.fr\/wp-content\/uploads\/2019\/08\/desktop-1280.jpg 1280w, https:\/\/latelierbleu-encadrement.fr\/wp-content\/uploads\/2019\/08\/desktop-1280-300x225.jpg 300w, https:\/\/latelierbleu-encadrement.fr\/wp-content\/uploads\/2019\/08\/desktop-1280-768x576.jpg 768w, https:\/\/latelierbleu-encadrement.fr\/wp-content\/uploads\/2019\/08\/desktop-1280-1024x768.jpg 1024w\" sizes=\"auto, (max-width: 767px) 89vw, (max-width: 1000px) 54vw, (max-width: 1071px) 543px, 580px\" \/><div class=\"wp-block-cover__inner-container is-layout-flow wp-block-cover-is-layout-flow\">\n<p class=\"has-text-align-center has-large-font-size\">L&rsquo;Atelier Bleu<\/p>\n\n\n\n<p>2414 Route des Lacs<br>24240 THENAC  <\/p>\n<\/div><\/div>\n\n\n\n<h2 class=\"wp-block-heading\">Ouverture<\/h2>\n\n\n\n<p>Du lundi au samedi.<br>Sur rendez-vous, de <strong>09h00<\/strong> \u00e0 <strong>19h00<\/strong>.<\/p>\n\n\n\n<div class=\"wp-block-group\"><div class=\"wp-block-group__inner-container is-layout-flow wp-block-group-is-layout-flow\">\n<p>Je vous accueille \u00e0 l&rsquo;atelier sur rendez-vous.<\/p>\n\n\n\n<p>Pour toutes demandes,  je suis \u00e9galement \u00e0 l&rsquo;\u00e9coute de ma client\u00e8le par t\u00e9l\u00e9phone, e-mail, sms.<\/p>\n<\/div><\/div>\n\n\n\n<h2 class=\"wp-block-heading\">Contactez-moi<\/h2>\n\n\n\n<p>Par t\u00e9l\u00e9phone au<br><strong>06.06.42.46.41<\/strong><\/p>\n\n\n\n<p>Par mail \u00e0 l&rsquo;adresse<br><strong>christine.atelierbleu@gmail.com<\/strong><\/p>\n\n\n\n<h2 class=\"wp-block-heading\">Localisation<\/h2>\n\n\n\n<p><a href=\"https:\/\/www.google.fr\/maps\/place\/Atelier+Bleu+Artisan+Encadreur\/@44.7576194,0.3123903,12.21z\/data=!4m5!3m4!1s0x12aac1a6c9d8588d:0x5df4e30382712e25!8m2!3d44.760979!4d0.3221334?hl=fr&amp;authuser=0\"><img loading=\"lazy\" decoding=\"async\" width=\"32\" height=\"32\" class=\"wp-image-156\" style=\"width: 32px;\" src=\"https:\/\/latelierbleu-encadrement.fr\/wp-content\/uploads\/2019\/08\/maps_32dp.png\" alt=\"Google Maps\"> 2414 Route des Lacs <\/a><\/p>\n\n\n\n<p><a href=\"https:\/\/www.google.fr\/maps\/place\/Atelier+Bleu+Artisan+Encadreur\/@44.7576194,0.3123903,12.21z\/data=!4m5!3m4!1s0x12aac1a6c9d8588d:0x5df4e30382712e25!8m2!3d44.760979!4d0.3221334?hl=fr&amp;authuser=0\"> 24240 THENAC<\/a><\/p>\n","protected":false},"excerpt":{"rendered":"<p>Ouverture Du lundi au samedi.Sur rendez-vous, de 09h00 \u00e0 19h00. Je vous accueille \u00e0 l&rsquo;atelier sur rendez-vous. Pour toutes demandes, je suis \u00e9galement \u00e0 l&rsquo;\u00e9coute de ma client\u00e8le par t\u00e9l\u00e9phone, e-mail, sms. Contactez-moi Par t\u00e9l\u00e9phone au06.06.42.46.41 Par mail \u00e0 l&rsquo;adressechristine.atelierbleu@gmail.com Localisation 2414 Route des Lacs 24240 THENAC<\/p>\n","protected":false},"author":1,"featured_media":50,"parent":0,"menu_order":0,"comment_status":"closed","ping_status":"closed","template":"","meta":{"_seopress_robots_primary_cat":"","_seopress_titles_title":"L&#039;Atelier Bleu Encadrement en Dordogne ","_seopress_titles_desc":"Vous pouvez contacter l&#039;Atelier Bleu, artisan encadreur au 06.06.42.46.41. pour un rendez-vous du lundi au samedi de 9 heures \u00e0 19 heures pour tous vos projets d&#039;encadrement, de mise en valeur et conservation de dessins, peintures,  documents anciens, petits objets, tissus, broderie...","_seopress_robots_index":"","footnotes":""},"class_list":["post-16","page","type-page","status-publish","has-post-thumbnail","hentry"],"_links":{"self":[{"href":"https:\/\/latelierbleu-encadrement.fr\/index.php?rest_route=\/wp\/v2\/pages\/16","targetHints":{"allow":["GET"]}}],"collection":[{"href":"https:\/\/latelierbleu-encadrement.fr\/index.php?rest_route=\/wp\/v2\/pages"}],"about":[{"href":"https:\/\/latelierbleu-encadrement.fr\/index.php?rest_route=\/wp\/v2\/types\/page"}],"author":[{"embeddable":true,"href":"https:\/\/latelierbleu-encadrement.fr\/index.php?rest_route=\/wp\/v2\/users\/1"}],"replies":[{"embeddable":true,"href":"https:\/\/latelierbleu-encadrement.fr\/index.php?rest_route=%2Fwp%2Fv2%2Fcomments&post=16"}],"version-history":[{"count":28,"href":"https:\/\/latelierbleu-encadrement.fr\/index.php?rest_route=\/wp\/v2\/pages\/16\/revisions"}],"predecessor-version":[{"id":477,"href":"https:\/\/latelierbleu-encadrement.fr\/index.php?rest_route=\/wp\/v2\/pages\/16\/revisions\/477"}],"wp:featuredmedia":[{"embeddable":true,"href":"https:\/\/latelierbleu-encadrement.fr\/index.php?rest_route=\/wp\/v2\/media\/50"}],"wp:attachment":[{"href":"https:\/\/latelierbleu-encadrement.fr\/index.php?rest_route=%2Fwp%2Fv2%2Fmedia&parent=16"}],"curies":[{"name":"wp","href":"https:\/\/api.w.org\/{rel}","templated":true}]}}