{"id":14,"date":"2021-11-21T18:00:08","date_gmt":"2021-11-21T17:00:08","guid":{"rendered":"http:\/\/latelierbleu-encadrement.fr\/?page_id=14"},"modified":"2022-10-25T22:11:16","modified_gmt":"2022-10-25T20:11:16","slug":"accueil","status":"publish","type":"page","link":"https:\/\/latelierbleu-encadrement.fr\/","title":{"rendered":"Accueil"},"content":{"rendered":"\n<div class=\"wp-block-cover aligncenter is-light\" style=\"min-height:257px;aspect-ratio:unset;\"><span aria-hidden=\"true\" class=\"wp-block-cover__background has-background-dim-20 has-background-dim\"><\/span><img loading=\"lazy\" decoding=\"async\" width=\"1094\" height=\"730\" class=\"wp-block-cover__image-background wp-image-57\" alt=\"\" src=\"https:\/\/latelierbleu-encadrement.fr\/wp-content\/uploads\/2019\/08\/Christine0019.jpg\" style=\"object-position:20% 19%\" data-object-fit=\"cover\" data-object-position=\"20% 19%\" srcset=\"https:\/\/latelierbleu-encadrement.fr\/wp-content\/uploads\/2019\/08\/Christine0019.jpg 1094w, https:\/\/latelierbleu-encadrement.fr\/wp-content\/uploads\/2019\/08\/Christine0019-300x200.jpg 300w, https:\/\/latelierbleu-encadrement.fr\/wp-content\/uploads\/2019\/08\/Christine0019-768x512.jpg 768w, https:\/\/latelierbleu-encadrement.fr\/wp-content\/uploads\/2019\/08\/Christine0019-1024x683.jpg 1024w\" sizes=\"auto, (max-width: 767px) 89vw, (max-width: 1000px) 54vw, (max-width: 1071px) 543px, 580px\" \/><div class=\"wp-block-cover__inner-container is-layout-flow wp-block-cover-is-layout-flow\">\n<p>                                                               <\/p>\n\n\n\n<h1 class=\"wp-block-heading\"><\/h1>\n\n\n\n<p class=\"has-large-font-size\"><\/p>\n\n\n\n<p><\/p>\n<\/div><\/div>\n\n\n\n<p>Encadreur \u00e0 Th\u00e9nac en Dordogne P\u00e9rigord (24) limitrophe Gironde (33) et Lot et Garonne (47),  riche  de 20 ans d&rsquo;exp\u00e9rience mis au profit de l&rsquo;encadrement de vos tableaux  :<\/p>\n\n\n\n<ul class=\"wp-block-list\"><li>gravure, <\/li><li>dessin,<\/li><li> peinture, <\/li><li>photo,<\/li><li> petit objet,<\/li><li>tissus, batik,<\/li><li>Tee shirt sportif, m\u00e9daille<\/li><li>manuscrit recto-verso&#8230;<\/li><\/ul>\n\n\n\n<figure class=\"wp-block-gallery has-nested-images columns-default is-cropped wp-block-gallery-1 is-layout-flex wp-block-gallery-is-layout-flex\">\n<figure class=\"wp-block-image size-large\"><img loading=\"lazy\" decoding=\"async\" width=\"634\" height=\"963\" data-id=\"7\" src=\"https:\/\/latelierbleu-encadrement.fr\/wp-content\/uploads\/2019\/08\/Christine0006.jpg\" alt=\"\" class=\"wp-image-7\" srcset=\"https:\/\/latelierbleu-encadrement.fr\/wp-content\/uploads\/2019\/08\/Christine0006.jpg 634w, https:\/\/latelierbleu-encadrement.fr\/wp-content\/uploads\/2019\/08\/Christine0006-198x300.jpg 198w\" sizes=\"auto, (max-width: 634px) 100vw, 634px\" \/><\/figure>\n\n\n\n<figure class=\"wp-block-image size-large\"><img loading=\"lazy\" decoding=\"async\" width=\"700\" height=\"504\" data-id=\"9\" src=\"https:\/\/latelierbleu-encadrement.fr\/wp-content\/uploads\/2019\/08\/Christine0012.jpg\" alt=\"\" class=\"wp-image-9\" srcset=\"https:\/\/latelierbleu-encadrement.fr\/wp-content\/uploads\/2019\/08\/Christine0012.jpg 700w, https:\/\/latelierbleu-encadrement.fr\/wp-content\/uploads\/2019\/08\/Christine0012-300x216.jpg 300w\" sizes=\"auto, (max-width: 700px) 100vw, 700px\" \/><\/figure>\n\n\n\n<figure class=\"wp-block-image size-large\"><img loading=\"lazy\" decoding=\"async\" width=\"525\" height=\"700\" data-id=\"59\" src=\"https:\/\/latelierbleu-encadrement.fr\/wp-content\/uploads\/2019\/08\/IMG_6542-1.jpg\" alt=\"\" class=\"wp-image-59\" srcset=\"https:\/\/latelierbleu-encadrement.fr\/wp-content\/uploads\/2019\/08\/IMG_6542-1.jpg 525w, https:\/\/latelierbleu-encadrement.fr\/wp-content\/uploads\/2019\/08\/IMG_6542-1-225x300.jpg 225w\" sizes=\"auto, (max-width: 525px) 100vw, 525px\" \/><\/figure>\n<\/figure>\n\n\n\n<p><strong>Encadrer<\/strong> et  <strong>Conserver<\/strong> : <\/p>\n\n\n\n<p>car il est un point important pour moi encadreur, celui de la conservation. Tout en \u00e9tant un moyen de mise en valeur de l&rsquo;\u0153uvre, l\u2019encadrement est aussi et surtout, un moyen de conservation \u00e0 ne pas n\u00e9gliger. Il doit pr\u00eater longue vie au document en le prot\u00e9geant des agressions qu&rsquo;il pourrait subir tout au long de son existence. Cela implique des techniques et des mat\u00e9riaux adapt\u00e9s<\/p>\n\n\n\n<p class=\"has-text-align-center\">Je r\u00e9alise des encadrements sur mesure et personnalis\u00e9s. <\/p>\n\n\n\n<p class=\"has-text-align-center\">J&rsquo;\u00e9tudie avec vous votre projet, selon  vos envies, dans le respect des r\u00e8gles de l&rsquo;art. <\/p>\n\n\n<div class=\"wp-block-image\">\n<figure class=\"aligncenter size-large is-resized\"><img loading=\"lazy\" decoding=\"async\" src=\"https:\/\/latelierbleu-encadrement.fr\/wp-content\/uploads\/2022\/10\/DSC02820-edited-1024x767.jpg\" alt=\"\" class=\"wp-image-479\" width=\"207\" height=\"155\" srcset=\"https:\/\/latelierbleu-encadrement.fr\/wp-content\/uploads\/2022\/10\/DSC02820-edited-1024x767.jpg 1024w, https:\/\/latelierbleu-encadrement.fr\/wp-content\/uploads\/2022\/10\/DSC02820-edited-300x225.jpg 300w, https:\/\/latelierbleu-encadrement.fr\/wp-content\/uploads\/2022\/10\/DSC02820-edited-768x575.jpg 768w, https:\/\/latelierbleu-encadrement.fr\/wp-content\/uploads\/2022\/10\/DSC02820-edited-1536x1151.jpg 1536w, https:\/\/latelierbleu-encadrement.fr\/wp-content\/uploads\/2022\/10\/DSC02820-edited-2048x1534.jpg 2048w\" sizes=\"auto, (max-width: 207px) 100vw, 207px\" \/><\/figure>\n<\/div>\n\n\n<p class=\"has-text-align-center\">Ainsi ensemble, nous trouvons la solution la mieux adapt\u00e9e selon vos go\u00fbts, l&rsquo;environnement futur de l&rsquo;\u0153uvre, et la valeur affective que vous lui accordez. <\/p>\n\n\n\n<p class=\"has-text-align-center\">Un devis vous est \u00e9tabli avant l&rsquo;ex\u00e9cution du travail  !<\/p>\n\n\n<div class=\"wp-block-image\">\n<figure class=\"aligncenter size-medium\"><img loading=\"lazy\" decoding=\"async\" width=\"240\" height=\"300\" src=\"https:\/\/latelierbleu-encadrement.fr\/wp-content\/uploads\/2022\/10\/20221023_224003-scaled-e1666725609333-240x300.jpg\" alt=\"Cadre r\u00e9alis\u00e9 en marqueterie de paille\" class=\"wp-image-474\" srcset=\"https:\/\/latelierbleu-encadrement.fr\/wp-content\/uploads\/2022\/10\/20221023_224003-scaled-e1666725609333-240x300.jpg 240w, https:\/\/latelierbleu-encadrement.fr\/wp-content\/uploads\/2022\/10\/20221023_224003-scaled-e1666725609333-821x1024.jpg 821w, https:\/\/latelierbleu-encadrement.fr\/wp-content\/uploads\/2022\/10\/20221023_224003-scaled-e1666725609333-768x958.jpg 768w, https:\/\/latelierbleu-encadrement.fr\/wp-content\/uploads\/2022\/10\/20221023_224003-scaled-e1666725609333-1231x1536.jpg 1231w, https:\/\/latelierbleu-encadrement.fr\/wp-content\/uploads\/2022\/10\/20221023_224003-scaled-e1666725609333.jpg 1500w\" sizes=\"auto, (max-width: 240px) 100vw, 240px\" \/><\/figure>\n<\/div>","protected":false},"excerpt":{"rendered":"<p>Encadreur \u00e0 Th\u00e9nac en Dordogne P\u00e9rigord (24) limitrophe Gironde (33) et Lot et Garonne (47), riche de 20 ans d&rsquo;exp\u00e9rience mis au profit de l&rsquo;encadrement de vos tableaux : gravure, dessin, peinture, photo, petit objet, tissus, batik, Tee shirt sportif, m\u00e9daille manuscrit recto-verso&#8230; Encadrer et Conserver : car il est un point important pour moi &hellip; <\/p>\n<p class=\"link-more\"><a href=\"https:\/\/latelierbleu-encadrement.fr\/\" class=\"more-link\">Continuer la lecture<span class=\"screen-reader-text\"> de &laquo;&nbsp;Accueil&nbsp;&raquo;<\/span><\/a><\/p>\n","protected":false},"author":1,"featured_media":50,"parent":0,"menu_order":0,"comment_status":"closed","ping_status":"closed","template":"","meta":{"_seopress_robots_primary_cat":"","_seopress_titles_title":"Artisan encadreur Dordogne - L&#039;Atelier Bleu encadrement","_seopress_titles_desc":" Artisan Encadreur, je r\u00e9alise un travail d&#039;encadrement personnalis\u00e9, sur mesure au sein de mon atelier en Dordogne \u00e0 Th\u00e9nac, limitrophe Gironde Lot et Garonne","_seopress_robots_index":"","footnotes":""},"class_list":["post-14","page","type-page","status-publish","has-post-thumbnail","hentry"],"_links":{"self":[{"href":"https:\/\/latelierbleu-encadrement.fr\/index.php?rest_route=\/wp\/v2\/pages\/14","targetHints":{"allow":["GET"]}}],"collection":[{"href":"https:\/\/latelierbleu-encadrement.fr\/index.php?rest_route=\/wp\/v2\/pages"}],"about":[{"href":"https:\/\/latelierbleu-encadrement.fr\/index.php?rest_route=\/wp\/v2\/types\/page"}],"author":[{"embeddable":true,"href":"https:\/\/latelierbleu-encadrement.fr\/index.php?rest_route=\/wp\/v2\/users\/1"}],"replies":[{"embeddable":true,"href":"https:\/\/latelierbleu-encadrement.fr\/index.php?rest_route=%2Fwp%2Fv2%2Fcomments&post=14"}],"version-history":[{"count":90,"href":"https:\/\/latelierbleu-encadrement.fr\/index.php?rest_route=\/wp\/v2\/pages\/14\/revisions"}],"predecessor-version":[{"id":486,"href":"https:\/\/latelierbleu-encadrement.fr\/index.php?rest_route=\/wp\/v2\/pages\/14\/revisions\/486"}],"wp:featuredmedia":[{"embeddable":true,"href":"https:\/\/latelierbleu-encadrement.fr\/index.php?rest_route=\/wp\/v2\/media\/50"}],"wp:attachment":[{"href":"https:\/\/latelierbleu-encadrement.fr\/index.php?rest_route=%2Fwp%2Fv2%2Fmedia&parent=14"}],"curies":[{"name":"wp","href":"https:\/\/api.w.org\/{rel}","templated":true}]}}